{"id":7880,"date":"2024-09-10T17:05:19","date_gmt":"2024-09-10T17:05:19","guid":{"rendered":"https:\/\/rental-car.company\/?page_id=7880"},"modified":"2024-09-10T17:05:19","modified_gmt":"2024-09-10T17:05:19","slug":"impresa-cutler-bay","status":"publish","type":"page","link":"https:\/\/rental-car.company\/it\/impresa-cutler-bay\/","title":{"rendered":"Enterprise Cutler Bay: La vostra societ\u00e0 di noleggio auto in Florida"},"content":{"rendered":"<div class=\"wpb-content-wrapper\"><h2>Perch\u00e9 scegliere Enterprise Cutler Bay per il vostro prossimo noleggio auto?<\/h2>\n<p>Se state programmando un viaggio nel soleggiato stato della Florida, avrete bisogno di una societ\u00e0 di noleggio auto affidabile e conveniente per spostarvi. Non cercate oltre Enterprise Cutler Bay, un nome di fiducia nel settore dell'autonoleggio. Con sedi convenienti e un'ampia selezione di veicoli, Enterprise Cutler Bay \u00e8 la scelta perfetta per la vostra prossima avventura.<\/p>\n<div class=\"vc_row wpb_row vc_row-fluid\"><div class=\"wpb_column vc_column_container vc_col-sm-12\"><div class=\"vc_column-inner\"><div class=\"wpb_wrapper\">\n\t<div class=\"wpb_text_column wpb_content_element\" >\n\t\t<div class=\"wpb_wrapper\">\n\t\t\t<p><script id=\"dchwidget\" src=\"https:\/\/www.discovercars.com\/wg.js\" async=\"\" data-dev-env=\"com\" data-location=\"\" data-lang=\"en\" data-utm-source=\"malina\" data-utm-medium=\"widget\" data-aff-code=\"a_aid\" data-autocomplete=\"on\" data-style-submit-bg-color=\"00A200\" data-style-submit-font-color=\"white\" data-style-form-bg-color=\"FAD130\" data-style-form-font-color=\"333\" data-style-submit-text=\"Search now\"><\/script><\/p>\n\n\t\t<\/div>\n\t<\/div>\n<\/div><\/div><\/div><\/div>\n<p>&nbsp;<\/p>\n<h2>Scoprire l'impresa Cutler Bay<\/h2>\n<p><img loading=\"lazy\" decoding=\"async\" class=\"alignleft\" src=\"\/wp-content\/uploads\/images\/rent_car_367.png\" alt=\"impresa cutler bay\" width=\"350\" height=\"350\" \/><\/p>\n<h3>La posizione<\/h3>\n<p>Situato nella contea di Miami-Dade, l'Enterprise Cutler Bay si trova a soli 30 minuti a sud dell'aeroporto internazionale di Miami. Questa posizione privilegiata consente un facile accesso a tutte le principali attrazioni che la Florida ha da offrire.<\/p>\n<h3>I veicoli<\/h3>\n<p>Presso Enterprise Cutler Bay troverete una variet\u00e0 di veicoli adatti alle vostre esigenze e al vostro budget. Dalle auto compatte per spostarsi in citt\u00e0 agli spaziosi SUV per le gite in famiglia, l'azienda ha tutto. Inoltre, la flotta comprende sia auto economiche che di lusso, in modo che possiate scegliere in base alle vostre preferenze.<\/p>\n<h3>I servizi<\/h3>\n<p>Il noleggio con Enterprise Cutler Bay offre vantaggi aggiuntivi come l'assistenza stradale 24 ore su 24, 7 giorni su 7 e opzioni flessibili di ritiro e riconsegna. \u00c8 inoltre possibile personalizzare il noleggio con componenti aggiuntivi come il navigatore GPS o i seggiolini per bambini a un costo aggiuntivo.<\/p>\n<h4>Pro e contro<\/h4>\n<p>Pro:<br \/>\n- Posizione comoda vicino all'aeroporto internazionale di Miami<br \/>\n- Ampia scelta di veicoli, tra cui opzioni economiche e di lusso<br \/>\n- Servizi aggiuntivi come l'assistenza stradale<\/p>\n<p>Contro:<br \/>\n- Localit\u00e0 limitate in Florida<br \/>\n- Potrebbero essere applicati costi aggiuntivi per i supplementi o per i noleggi di sola andata.<\/p>\n<h4>Domande frequenti (FAQ)<\/h4>\n<p><img loading=\"lazy\" decoding=\"async\" class=\"alignright\" src=\"\/wp-content\/uploads\/images\/rent_car_1481.png\" alt=\"impresa cutler bay\" width=\"350\" height=\"350\" \/><\/p>\n<p><b>D: Di quali documenti ho bisogno quando noleggio da Enterprise Cutler Bay?<\/b><br \/>\nR: Per noleggiare da Enterprise Cutler Bay \u00e8 necessario avere una patente di guida valida, una carta di credito o di debito e una prova di assicurazione.<\/p>\n<p><b>D: Posso restituire la mia auto a noleggio in un luogo diverso?<\/b><br \/>\nR: S\u00ec, Enterprise Cutler Bay offre noleggi di sola andata a un costo aggiuntivo. Contattate la sede per maggiori informazioni.<\/p>\n<p><b>D: Qual \u00e8 l'et\u00e0 minima richiesta per noleggiare un'auto da Enterprise Cutler Bay?<\/b><br \/>\nR: L'et\u00e0 minima per noleggiare un'auto da Enterprise Cutler Bay \u00e8 di 21 anni. Tuttavia, i conducenti di et\u00e0 inferiore ai 25 anni possono essere soggetti a una tassa per i giovani noleggiatori.<\/p>\n<p>In conclusione, se state cercando un'azienda di autonoleggio affidabile e conveniente in Florida, non cercate oltre Enterprise Cutler Bay. Grazie alla sua posizione comoda, all'ampia selezione di veicoli e ai servizi eccezionali, \u00e8 la scelta perfetta per il vostro prossimo viaggio. Quindi perch\u00e9 aspettare? Noleggiate oggi stesso il vostro veicolo e partite con Enterprise Cutler Bay!<\/p>\n<\/div>","protected":false},"excerpt":{"rendered":"<p>Why Choose Enterprise Cutler Bay for Your Next Car Rental? If you&#8217;re planning a trip to the sunny state of Florida, you&#8217;ll need a reliable and affordable car rental company to get around. Look no further than Enterprise Cutler Bay, a trusted name in the car rental industry. With convenient locations and a wide selection [&hellip;]<\/p>\n","protected":false},"author":1,"featured_media":4054,"parent":0,"menu_order":0,"comment_status":"closed","ping_status":"closed","template":"","meta":{"rs_blank_template":"","rs_page_bg_color":"","slide_template_v7":"","footnotes":""},"categories":[1],"tags":[],"class_list":["post-7880","page","type-page","status-publish","has-post-thumbnail","hentry","category-blog"],"_links":{"self":[{"href":"https:\/\/rental-car.company\/it\/wp-json\/wp\/v2\/pages\/7880","targetHints":{"allow":["GET"]}}],"collection":[{"href":"https:\/\/rental-car.company\/it\/wp-json\/wp\/v2\/pages"}],"about":[{"href":"https:\/\/rental-car.company\/it\/wp-json\/wp\/v2\/types\/page"}],"author":[{"embeddable":true,"href":"https:\/\/rental-car.company\/it\/wp-json\/wp\/v2\/users\/1"}],"replies":[{"embeddable":true,"href":"https:\/\/rental-car.company\/it\/wp-json\/wp\/v2\/comments?post=7880"}],"version-history":[{"count":0,"href":"https:\/\/rental-car.company\/it\/wp-json\/wp\/v2\/pages\/7880\/revisions"}],"wp:featuredmedia":[{"embeddable":true,"href":"https:\/\/rental-car.company\/it\/wp-json\/wp\/v2\/media\/4054"}],"wp:attachment":[{"href":"https:\/\/rental-car.company\/it\/wp-json\/wp\/v2\/media?parent=7880"}],"wp:term":[{"taxonomy":"category","embeddable":true,"href":"https:\/\/rental-car.company\/it\/wp-json\/wp\/v2\/categories?post=7880"},{"taxonomy":"post_tag","embeddable":true,"href":"https:\/\/rental-car.company\/it\/wp-json\/wp\/v2\/tags?post=7880"}],"curies":[{"name":"wp","href":"https:\/\/api.w.org\/{rel}","templated":true}]}}